{"id":226,"date":"2023-03-15T10:10:06","date_gmt":"2023-03-15T10:10:06","guid":{"rendered":"https:\/\/wine-paradise.click.si\/?page_id=226"},"modified":"2024-12-13T08:21:55","modified_gmt":"2024-12-13T08:21:55","slug":"glamping-hiske","status":"publish","type":"page","link":"https:\/\/wine-paradise.si\/en\/glamping-hiske\/","title":{"rendered":"Glamping Houses"},"content":{"rendered":"<div data-elementor-type=\"wp-page\" data-elementor-id=\"226\" class=\"elementor elementor-226\" data-elementor-post-type=\"page\">\n\t\t\t\t\t\t<section class=\"elementor-section elementor-top-section elementor-element elementor-element-e409984 elementor-section-height-min-height elementor-section-boxed elementor-section-height-default elementor-section-items-middle\" data-id=\"e409984\" data-element_type=\"section\" data-settings=\"{&quot;background_background&quot;:&quot;classic&quot;}\">\n\t\t\t\t\t\t\t<div class=\"elementor-background-overlay\"><\/div>\n\t\t\t\t\t\t\t<div class=\"elementor-container elementor-column-gap-default\">\n\t\t\t\t\t<div class=\"elementor-column elementor-col-100 elementor-top-column elementor-element elementor-element-f581866\" data-id=\"f581866\" data-element_type=\"column\">\n\t\t\t<div class=\"elementor-widget-wrap elementor-element-populated\">\n\t\t\t\t\t\t<div class=\"elementor-element elementor-element-5d03368 elementor-widget elementor-widget-heading\" data-id=\"5d03368\" data-element_type=\"widget\" data-widget_type=\"heading.default\">\n\t\t\t\t<div class=\"elementor-widget-container\">\n\t\t\t<style>\/*! elementor - v3.21.0 - 08-05-2024 *\/\n.elementor-heading-title{padding:0;margin:0;line-height:1}.elementor-widget-heading .elementor-heading-title[class*=elementor-size-]>a{color:inherit;font-size:inherit;line-height:inherit}.elementor-widget-heading .elementor-heading-title.elementor-size-small{font-size:15px}.elementor-widget-heading .elementor-heading-title.elementor-size-medium{font-size:19px}.elementor-widget-heading .elementor-heading-title.elementor-size-large{font-size:29px}.elementor-widget-heading .elementor-heading-title.elementor-size-xl{font-size:39px}.elementor-widget-heading .elementor-heading-title.elementor-size-xxl{font-size:59px}<\/style><h1 class=\"elementor-heading-title elementor-size-default\">Glamping Houses<\/h1>\t\t<\/div>\n\t\t\t\t<\/div>\n\t\t\t\t<div class=\"elementor-element elementor-element-2b2a33c elementor-widget elementor-widget-text-editor\" data-id=\"2b2a33c\" data-element_type=\"widget\" data-widget_type=\"text-editor.default\">\n\t\t\t\t<div class=\"elementor-widget-container\">\n\t\t\t<style>\/*! elementor - v3.21.0 - 08-05-2024 *\/\n.elementor-widget-text-editor.elementor-drop-cap-view-stacked .elementor-drop-cap{background-color:#69727d;color:#fff}.elementor-widget-text-editor.elementor-drop-cap-view-framed .elementor-drop-cap{color:#69727d;border:3px solid;background-color:transparent}.elementor-widget-text-editor:not(.elementor-drop-cap-view-default) .elementor-drop-cap{margin-top:8px}.elementor-widget-text-editor:not(.elementor-drop-cap-view-default) .elementor-drop-cap-letter{width:1em;height:1em}.elementor-widget-text-editor .elementor-drop-cap{float:left;text-align:center;line-height:1;font-size:50px}.elementor-widget-text-editor .elementor-drop-cap-letter{display:inline-block}<\/style>\t\t\t\t<p class=\" translation-block\">Modern houses are built in a rustic setting that, in harmony with authentic Istrian cuisine, creates an unforgettable experience with breathtaking views of the Bay of Trieste.<\/p>\t\t\t\t\t\t<\/div>\n\t\t\t\t<\/div>\n\t\t\t\t\t<\/div>\n\t\t<\/div>\n\t\t\t\t\t<\/div>\n\t\t<\/section>\n\t\t\t\t<section class=\"elementor-section elementor-top-section elementor-element elementor-element-1b2f529 elementor-section-boxed elementor-section-height-default elementor-section-height-default\" data-id=\"1b2f529\" data-element_type=\"section\">\n\t\t\t\t\t\t<div class=\"elementor-container elementor-column-gap-default\">\n\t\t\t\t\t<div class=\"elementor-column elementor-col-33 elementor-top-column elementor-element elementor-element-ba0be43\" data-id=\"ba0be43\" data-element_type=\"column\">\n\t\t\t<div class=\"elementor-widget-wrap elementor-element-populated\">\n\t\t\t\t\t\t<div class=\"elementor-element elementor-element-afeb96b elementor-widget elementor-widget-image\" data-id=\"afeb96b\" data-element_type=\"widget\" data-widget_type=\"image.default\">\n\t\t\t\t<div class=\"elementor-widget-container\">\n\t\t\t<style>\/*! elementor - v3.21.0 - 08-05-2024 *\/\n.elementor-widget-image{text-align:center}.elementor-widget-image a{display:inline-block}.elementor-widget-image a img[src$=\".svg\"]{width:48px}.elementor-widget-image img{vertical-align:middle;display:inline-block}<\/style>\t\t\t\t\t\t\t\t\t\t\t<a href=\"https:\/\/wine-paradise.si\/en\/glamping-hiske\/sladke-hiske\/\">\n\t\t\t\t\t\t\t<img fetchpriority=\"high\" decoding=\"async\" width=\"800\" height=\"534\" src=\"https:\/\/wine-paradise.si\/wp-content\/uploads\/2024\/12\/foto2-1024x683.jpg\" class=\"attachment-large size-large wp-image-3658\" alt=\"\" srcset=\"https:\/\/wine-paradise.si\/wp-content\/uploads\/2024\/12\/foto2-1024x683.jpg 1024w, https:\/\/wine-paradise.si\/wp-content\/uploads\/2024\/12\/foto2-300x200.jpg 300w, https:\/\/wine-paradise.si\/wp-content\/uploads\/2024\/12\/foto2-768x512.jpg 768w, https:\/\/wine-paradise.si\/wp-content\/uploads\/2024\/12\/foto2-1536x1025.jpg 1536w, https:\/\/wine-paradise.si\/wp-content\/uploads\/2024\/12\/foto2-2048x1366.jpg 2048w, https:\/\/wine-paradise.si\/wp-content\/uploads\/2024\/12\/foto2-18x12.jpg 18w, https:\/\/wine-paradise.si\/wp-content\/uploads\/2024\/12\/foto2-1320x881.jpg 1320w\" sizes=\"(max-width: 800px) 100vw, 800px\" \/>\t\t\t\t\t\t\t\t<\/a>\n\t\t\t\t\t\t\t\t\t\t\t\t\t<\/div>\n\t\t\t\t<\/div>\n\t\t\t\t<div class=\"elementor-element elementor-element-04b1ce4 elementor-widget elementor-widget-heading\" data-id=\"04b1ce4\" data-element_type=\"widget\" data-widget_type=\"heading.default\">\n\t\t\t\t<div class=\"elementor-widget-container\">\n\t\t\t<h4 class=\"elementor-heading-title elementor-size-default\">Sweet houses<\/h4>\t\t<\/div>\n\t\t\t\t<\/div>\n\t\t\t\t<div class=\"elementor-element elementor-element-2fe84ce elementor-widget elementor-widget-text-editor\" data-id=\"2fe84ce\" data-element_type=\"widget\" data-widget_type=\"text-editor.default\">\n\t\t\t\t<div class=\"elementor-widget-container\">\n\t\t\t\t\t\t\t<p class=\" translation-block\">The sweet houses are the basic line that has <strong>access to both public pools<\/strong>. Their modern interior creates the feeling that they are much larger than their surface area of 29 m2 suggests.<\/p>\t\t\t\t\t\t<\/div>\n\t\t\t\t<\/div>\n\t\t\t\t<div class=\"elementor-element elementor-element-c5e4201 elementor-widget elementor-widget-html\" data-id=\"c5e4201\" data-element_type=\"widget\" data-widget_type=\"html.default\">\n\t\t\t\t<div class=\"elementor-widget-container\">\n\t\t\t<div class=\"container\"> \n  <a href=\"https:\/\/wine-paradise.si\/en\/glamping-hiske\/sladke-hiske\/\" class=\"button black sladke-hiske\">See more<\/a>\n<\/div>\n\n\t\t<\/div>\n\t\t\t\t<\/div>\n\t\t\t\t\t<\/div>\n\t\t<\/div>\n\t\t\t\t<div class=\"elementor-column elementor-col-33 elementor-top-column elementor-element elementor-element-7dd03c8\" data-id=\"7dd03c8\" data-element_type=\"column\">\n\t\t\t<div class=\"elementor-widget-wrap elementor-element-populated\">\n\t\t\t\t\t\t<div class=\"elementor-element elementor-element-ec48a91 elementor-widget elementor-widget-image\" data-id=\"ec48a91\" data-element_type=\"widget\" data-widget_type=\"image.default\">\n\t\t\t\t<div class=\"elementor-widget-container\">\n\t\t\t\t\t\t\t\t\t\t\t\t\t\t<a href=\"https:\/\/wine-paradise.si\/en\/glamping-hiske\/bele-hiske\/\">\n\t\t\t\t\t\t\t<img decoding=\"async\" width=\"800\" height=\"534\" src=\"https:\/\/wine-paradise.si\/wp-content\/uploads\/2024\/12\/foto6-1024x683.jpg\" class=\"attachment-large size-large wp-image-3663\" alt=\"\" srcset=\"https:\/\/wine-paradise.si\/wp-content\/uploads\/2024\/12\/foto6-1024x683.jpg 1024w, https:\/\/wine-paradise.si\/wp-content\/uploads\/2024\/12\/foto6-300x200.jpg 300w, https:\/\/wine-paradise.si\/wp-content\/uploads\/2024\/12\/foto6-768x512.jpg 768w, https:\/\/wine-paradise.si\/wp-content\/uploads\/2024\/12\/foto6-1536x1025.jpg 1536w, https:\/\/wine-paradise.si\/wp-content\/uploads\/2024\/12\/foto6-2048x1366.jpg 2048w, https:\/\/wine-paradise.si\/wp-content\/uploads\/2024\/12\/foto6-18x12.jpg 18w, https:\/\/wine-paradise.si\/wp-content\/uploads\/2024\/12\/foto6-1320x880.jpg 1320w\" sizes=\"(max-width: 800px) 100vw, 800px\" \/>\t\t\t\t\t\t\t\t<\/a>\n\t\t\t\t\t\t\t\t\t\t\t\t\t<\/div>\n\t\t\t\t<\/div>\n\t\t\t\t<div class=\"elementor-element elementor-element-96f7096 elementor-widget elementor-widget-heading\" data-id=\"96f7096\" data-element_type=\"widget\" data-widget_type=\"heading.default\">\n\t\t\t\t<div class=\"elementor-widget-container\">\n\t\t\t<h4 class=\"elementor-heading-title elementor-size-default\">White houses<\/h4>\t\t<\/div>\n\t\t\t\t<\/div>\n\t\t\t\t<div class=\"elementor-element elementor-element-56398bb elementor-widget elementor-widget-text-editor\" data-id=\"56398bb\" data-element_type=\"widget\" data-widget_type=\"text-editor.default\">\n\t\t\t\t<div class=\"elementor-widget-container\">\n\t\t\t\t\t\t\t<p class=\" translation-block\">White wine in Istria has become more and more popular in recent years, just like our glamping houses.<br> In addition to <strong>access to the public pools<\/strong>, the White Houses also have their own <strong>private hot tub.<\/strong><\/p>\t\t\t\t\t\t<\/div>\n\t\t\t\t<\/div>\n\t\t\t\t<div class=\"elementor-element elementor-element-09cebc6 elementor-widget elementor-widget-html\" data-id=\"09cebc6\" data-element_type=\"widget\" data-widget_type=\"html.default\">\n\t\t\t\t<div class=\"elementor-widget-container\">\n\t\t\t<div class=\"container\"> \n  <a href=\"https:\/\/wine-paradise.si\/en\/glamping-hiske\/bele-hiske\/\" class=\"button black bele-hiske\">See more<\/a>\n<\/div>\n\n\t\t<\/div>\n\t\t\t\t<\/div>\n\t\t\t\t\t<\/div>\n\t\t<\/div>\n\t\t\t\t<div class=\"elementor-column elementor-col-33 elementor-top-column elementor-element elementor-element-4b51053\" data-id=\"4b51053\" data-element_type=\"column\">\n\t\t\t<div class=\"elementor-widget-wrap elementor-element-populated\">\n\t\t\t\t\t\t<div class=\"elementor-element elementor-element-93d5aa9 elementor-widget elementor-widget-image\" data-id=\"93d5aa9\" data-element_type=\"widget\" data-widget_type=\"image.default\">\n\t\t\t\t<div class=\"elementor-widget-container\">\n\t\t\t\t\t\t\t\t\t\t\t\t\t\t<a href=\"https:\/\/wine-paradise.si\/en\/glamping-hiske\/rdece-hiske\/\">\n\t\t\t\t\t\t\t<img decoding=\"async\" width=\"800\" height=\"640\" src=\"https:\/\/wine-paradise.si\/wp-content\/uploads\/2024\/12\/foto7-1024x819.jpeg\" class=\"attachment-large size-large wp-image-3665\" alt=\"\" srcset=\"https:\/\/wine-paradise.si\/wp-content\/uploads\/2024\/12\/foto7-1024x819.jpeg 1024w, https:\/\/wine-paradise.si\/wp-content\/uploads\/2024\/12\/foto7-300x240.jpeg 300w, https:\/\/wine-paradise.si\/wp-content\/uploads\/2024\/12\/foto7-768x614.jpeg 768w, https:\/\/wine-paradise.si\/wp-content\/uploads\/2024\/12\/foto7-1536x1229.jpeg 1536w, https:\/\/wine-paradise.si\/wp-content\/uploads\/2024\/12\/foto7-2048x1638.jpeg 2048w, https:\/\/wine-paradise.si\/wp-content\/uploads\/2024\/12\/foto7-15x12.jpeg 15w, https:\/\/wine-paradise.si\/wp-content\/uploads\/2024\/12\/foto7-1320x1056.jpeg 1320w\" sizes=\"(max-width: 800px) 100vw, 800px\" \/>\t\t\t\t\t\t\t\t<\/a>\n\t\t\t\t\t\t\t\t\t\t\t\t\t<\/div>\n\t\t\t\t<\/div>\n\t\t\t\t<div class=\"elementor-element elementor-element-8d90e6a elementor-widget elementor-widget-heading\" data-id=\"8d90e6a\" data-element_type=\"widget\" data-widget_type=\"heading.default\">\n\t\t\t\t<div class=\"elementor-widget-container\">\n\t\t\t<h4 class=\"elementor-heading-title elementor-size-default\">Red houses<\/h4>\t\t<\/div>\n\t\t\t\t<\/div>\n\t\t\t\t<div class=\"elementor-element elementor-element-a01deee elementor-widget elementor-widget-text-editor\" data-id=\"a01deee\" data-element_type=\"widget\" data-widget_type=\"text-editor.default\">\n\t\t\t\t<div class=\"elementor-widget-container\">\n\t\t\t\t\t\t\t<p class=\" translation-block\">Red or, as we say in Marezige, black wine reigns supreme among all wines.<br> The same applies to the red houses, which, in addition to <strong>access to public pools and a private hot tub<\/strong>, also have a <strong>private sauna.<\/strong><\/p>\t\t\t\t\t\t<\/div>\n\t\t\t\t<\/div>\n\t\t\t\t<div class=\"elementor-element elementor-element-709804a elementor-widget elementor-widget-html\" data-id=\"709804a\" data-element_type=\"widget\" data-widget_type=\"html.default\">\n\t\t\t\t<div class=\"elementor-widget-container\">\n\t\t\t<div class=\"container\"> \n  <a href=\"https:\/\/wine-paradise.si\/en\/glamping-hiske\/rdece-hiske\/\" class=\"button black rdece-hiske\">See more<\/a>\n<\/div>\n\n\t\t<\/div>\n\t\t\t\t<\/div>\n\t\t\t\t\t<\/div>\n\t\t<\/div>\n\t\t\t\t\t<\/div>\n\t\t<\/section>\n\t\t\t\t<section class=\"elementor-section elementor-top-section elementor-element elementor-element-d2a56fa elementor-section-boxed elementor-section-height-default elementor-section-height-default\" data-id=\"d2a56fa\" data-element_type=\"section\">\n\t\t\t\t\t\t<div class=\"elementor-container elementor-column-gap-default\">\n\t\t\t\t\t<div class=\"elementor-column elementor-col-100 elementor-top-column elementor-element elementor-element-9fbc36f\" data-id=\"9fbc36f\" data-element_type=\"column\">\n\t\t\t<div class=\"elementor-widget-wrap elementor-element-populated\">\n\t\t\t\t\t\t<div class=\"elementor-element elementor-element-80669ce elementor-hidden-tablet elementor-hidden-mobile elementor-widget elementor-widget-image\" data-id=\"80669ce\" data-element_type=\"widget\" data-widget_type=\"image.default\">\n\t\t\t\t<div class=\"elementor-widget-container\">\n\t\t\t\t\t\t\t\t\t\t\t\t\t\t<a href=\"https:\/\/wine-paradise.si\/en\/glamping-hiske\/vila-refoska\/\">\n\t\t\t\t\t\t\t<img loading=\"lazy\" decoding=\"async\" width=\"800\" height=\"534\" src=\"https:\/\/wine-paradise.si\/wp-content\/uploads\/2024\/12\/foto5-1024x683.jpg\" class=\"attachment-large size-large wp-image-3666\" alt=\"\" srcset=\"https:\/\/wine-paradise.si\/wp-content\/uploads\/2024\/12\/foto5-1024x683.jpg 1024w, https:\/\/wine-paradise.si\/wp-content\/uploads\/2024\/12\/foto5-300x200.jpg 300w, https:\/\/wine-paradise.si\/wp-content\/uploads\/2024\/12\/foto5-768x512.jpg 768w, https:\/\/wine-paradise.si\/wp-content\/uploads\/2024\/12\/foto5-1536x1024.jpg 1536w, https:\/\/wine-paradise.si\/wp-content\/uploads\/2024\/12\/foto5-18x12.jpg 18w, https:\/\/wine-paradise.si\/wp-content\/uploads\/2024\/12\/foto5-1320x880.jpg 1320w\" sizes=\"(max-width: 800px) 100vw, 800px\" \/>\t\t\t\t\t\t\t\t<\/a>\n\t\t\t\t\t\t\t\t\t\t\t\t\t<\/div>\n\t\t\t\t<\/div>\n\t\t\t\t<div class=\"elementor-element elementor-element-70abd42 elementor-hidden-desktop elementor-widget elementor-widget-image\" data-id=\"70abd42\" data-element_type=\"widget\" data-widget_type=\"image.default\">\n\t\t\t\t<div class=\"elementor-widget-container\">\n\t\t\t\t\t\t\t\t\t\t\t\t\t\t<a href=\"https:\/\/wine-paradise.si\/en\/glamping-hiske\/vila-refoska\/\">\n\t\t\t\t\t\t\t<img loading=\"lazy\" decoding=\"async\" width=\"800\" height=\"534\" src=\"https:\/\/wine-paradise.si\/wp-content\/uploads\/2024\/12\/foto5-1024x683.jpg\" class=\"attachment-large size-large wp-image-3666\" alt=\"\" srcset=\"https:\/\/wine-paradise.si\/wp-content\/uploads\/2024\/12\/foto5-1024x683.jpg 1024w, https:\/\/wine-paradise.si\/wp-content\/uploads\/2024\/12\/foto5-300x200.jpg 300w, https:\/\/wine-paradise.si\/wp-content\/uploads\/2024\/12\/foto5-768x512.jpg 768w, https:\/\/wine-paradise.si\/wp-content\/uploads\/2024\/12\/foto5-1536x1024.jpg 1536w, https:\/\/wine-paradise.si\/wp-content\/uploads\/2024\/12\/foto5-18x12.jpg 18w, https:\/\/wine-paradise.si\/wp-content\/uploads\/2024\/12\/foto5-1320x880.jpg 1320w\" sizes=\"(max-width: 800px) 100vw, 800px\" \/>\t\t\t\t\t\t\t\t<\/a>\n\t\t\t\t\t\t\t\t\t\t\t\t\t<\/div>\n\t\t\t\t<\/div>\n\t\t\t\t<div class=\"elementor-element elementor-element-c71d476 elementor-widget elementor-widget-heading\" data-id=\"c71d476\" data-element_type=\"widget\" data-widget_type=\"heading.default\">\n\t\t\t\t<div class=\"elementor-widget-container\">\n\t\t\t<h4 class=\"elementor-heading-title elementor-size-default\">Villa Refosco<\/h4>\t\t<\/div>\n\t\t\t\t<\/div>\n\t\t\t\t<div class=\"elementor-element elementor-element-a388ec2 elementor-widget elementor-widget-text-editor\" data-id=\"a388ec2\" data-element_type=\"widget\" data-widget_type=\"text-editor.default\">\n\t\t\t\t<div class=\"elementor-widget-container\">\n\t\t\t\t\t\t\t<p>The most appreciated variety of wine in The land of Refosco is, of course, Refosco! Villa Refosco is a luxurious accommodation at the top of the glamping resort, which accomodates up to six people.<\/p>\t\t\t\t\t\t<\/div>\n\t\t\t\t<\/div>\n\t\t\t\t<div class=\"elementor-element elementor-element-78d50f2 elementor-widget elementor-widget-html\" data-id=\"78d50f2\" data-element_type=\"widget\" data-widget_type=\"html.default\">\n\t\t\t\t<div class=\"elementor-widget-container\">\n\t\t\t<div class=\"container\"> \n  <a href=\"https:\/\/wine-paradise.si\/en\/glamping-hiske\/vila-refoska\/\" class=\"button black rdece-hiske\">See more<\/a>\n<\/div>\n\n\t\t<\/div>\n\t\t\t\t<\/div>\n\t\t\t\t\t<\/div>\n\t\t<\/div>\n\t\t\t\t\t<\/div>\n\t\t<\/section>\n\t\t\t\t<\/div>","protected":false},"excerpt":{"rendered":"<p>Glamping hi\u0161ke Sodobne hi\u0161ke so postavljene v rustikalen okoli\u0161, ki v so\u017eitju z avtenti\u010dno istrsko kulinariko tvori nepozabno izku\u0161njo ob dih jemajo\u010dem razgledu na Tr\u017ea\u0161ki zaliv. Sladke hi\u0161ke Sladke hi\u0161ice so osnovna linija, ki ima dostop do obeh javnih bazenov. Njihova sodobna notranjost ustvari ob\u010dutek, da so veliko ve\u010dje kakor trdi njihova povr\u0161ina 29 m2. [&hellip;]<\/p>","protected":false},"author":1,"featured_media":0,"parent":0,"menu_order":0,"comment_status":"closed","ping_status":"closed","template":"","meta":{"inline_featured_image":false,"footnotes":""},"class_list":["post-226","page","type-page","status-publish","hentry"],"aioseo_notices":[],"_links":{"self":[{"href":"https:\/\/wine-paradise.si\/en\/wp-json\/wp\/v2\/pages\/226","targetHints":{"allow":["GET"]}}],"collection":[{"href":"https:\/\/wine-paradise.si\/en\/wp-json\/wp\/v2\/pages"}],"about":[{"href":"https:\/\/wine-paradise.si\/en\/wp-json\/wp\/v2\/types\/page"}],"author":[{"embeddable":true,"href":"https:\/\/wine-paradise.si\/en\/wp-json\/wp\/v2\/users\/1"}],"replies":[{"embeddable":true,"href":"https:\/\/wine-paradise.si\/en\/wp-json\/wp\/v2\/comments?post=226"}],"version-history":[{"count":88,"href":"https:\/\/wine-paradise.si\/en\/wp-json\/wp\/v2\/pages\/226\/revisions"}],"predecessor-version":[{"id":3669,"href":"https:\/\/wine-paradise.si\/en\/wp-json\/wp\/v2\/pages\/226\/revisions\/3669"}],"wp:attachment":[{"href":"https:\/\/wine-paradise.si\/en\/wp-json\/wp\/v2\/media?parent=226"}],"curies":[{"name":"wp","href":"https:\/\/api.w.org\/{rel}","templated":true}]}}