{"id":3780,"date":"2026-01-25T07:54:22","date_gmt":"2026-01-25T07:54:22","guid":{"rendered":"https:\/\/wine-paradise.si\/?page_id=3780"},"modified":"2026-01-25T15:51:38","modified_gmt":"2026-01-25T15:51:38","slug":"posebne-ponudbe","status":"publish","type":"page","link":"https:\/\/wine-paradise.si\/en\/posebne-ponudbe\/","title":{"rendered":"Special offers"},"content":{"rendered":"<div data-elementor-type=\"wp-page\" data-elementor-id=\"3780\" class=\"elementor elementor-3780\" data-elementor-post-type=\"page\">\n\t\t\t\t\t\t<section class=\"elementor-section elementor-top-section elementor-element elementor-element-e409984 elementor-section-height-min-height elementor-section-boxed elementor-section-height-default elementor-section-items-middle\" data-id=\"e409984\" data-element_type=\"section\" data-settings=\"{&quot;background_background&quot;:&quot;classic&quot;}\">\n\t\t\t\t\t\t\t<div class=\"elementor-background-overlay\"><\/div>\n\t\t\t\t\t\t\t<div class=\"elementor-container elementor-column-gap-default\">\n\t\t\t\t\t<div class=\"elementor-column elementor-col-100 elementor-top-column elementor-element elementor-element-f581866\" data-id=\"f581866\" data-element_type=\"column\">\n\t\t\t<div class=\"elementor-widget-wrap elementor-element-populated\">\n\t\t\t\t\t\t<div class=\"elementor-element elementor-element-5d03368 elementor-widget elementor-widget-heading\" data-id=\"5d03368\" data-element_type=\"widget\" data-widget_type=\"heading.default\">\n\t\t\t\t<div class=\"elementor-widget-container\">\n\t\t\t<style>\/*! elementor - v3.21.0 - 08-05-2024 *\/\n.elementor-heading-title{padding:0;margin:0;line-height:1}.elementor-widget-heading .elementor-heading-title[class*=elementor-size-]>a{color:inherit;font-size:inherit;line-height:inherit}.elementor-widget-heading .elementor-heading-title.elementor-size-small{font-size:15px}.elementor-widget-heading .elementor-heading-title.elementor-size-medium{font-size:19px}.elementor-widget-heading .elementor-heading-title.elementor-size-large{font-size:29px}.elementor-widget-heading .elementor-heading-title.elementor-size-xl{font-size:39px}.elementor-widget-heading .elementor-heading-title.elementor-size-xxl{font-size:59px}<\/style><h1 class=\"elementor-heading-title elementor-size-default\">SPECIAL OFFERS<\/h1>\t\t<\/div>\n\t\t\t\t<\/div>\n\t\t\t\t<div class=\"elementor-element elementor-element-2b2a33c elementor-widget elementor-widget-text-editor\" data-id=\"2b2a33c\" data-element_type=\"widget\" data-widget_type=\"text-editor.default\">\n\t\t\t\t<div class=\"elementor-widget-container\">\n\t\t\t<style>\/*! elementor - v3.21.0 - 08-05-2024 *\/\n.elementor-widget-text-editor.elementor-drop-cap-view-stacked .elementor-drop-cap{background-color:#69727d;color:#fff}.elementor-widget-text-editor.elementor-drop-cap-view-framed .elementor-drop-cap{color:#69727d;border:3px solid;background-color:transparent}.elementor-widget-text-editor:not(.elementor-drop-cap-view-default) .elementor-drop-cap{margin-top:8px}.elementor-widget-text-editor:not(.elementor-drop-cap-view-default) .elementor-drop-cap-letter{width:1em;height:1em}.elementor-widget-text-editor .elementor-drop-cap{float:left;text-align:center;line-height:1;font-size:50px}.elementor-widget-text-editor .elementor-drop-cap-letter{display:inline-block}<\/style>\t\t\t\t<p>\u201cFor special people and special experiences\u201d<\/p>\t\t\t\t\t\t<\/div>\n\t\t\t\t<\/div>\n\t\t\t\t\t<\/div>\n\t\t<\/div>\n\t\t\t\t\t<\/div>\n\t\t<\/section>\n\t\t\t\t<section class=\"elementor-section elementor-top-section elementor-element elementor-element-1b2f529 elementor-section-boxed elementor-section-height-default elementor-section-height-default\" data-id=\"1b2f529\" data-element_type=\"section\">\n\t\t\t\t\t\t<div class=\"elementor-container elementor-column-gap-default\">\n\t\t\t\t\t<div class=\"elementor-column elementor-col-50 elementor-top-column elementor-element elementor-element-ba0be43\" data-id=\"ba0be43\" data-element_type=\"column\">\n\t\t\t<div class=\"elementor-widget-wrap elementor-element-populated\">\n\t\t\t\t\t\t<div class=\"elementor-element elementor-element-afeb96b elementor-widget elementor-widget-image\" data-id=\"afeb96b\" data-element_type=\"widget\" data-widget_type=\"image.default\">\n\t\t\t\t<div class=\"elementor-widget-container\">\n\t\t\t<style>\/*! elementor - v3.21.0 - 08-05-2024 *\/\n.elementor-widget-image{text-align:center}.elementor-widget-image a{display:inline-block}.elementor-widget-image a img[src$=\".svg\"]{width:48px}.elementor-widget-image img{vertical-align:middle;display:inline-block}<\/style>\t\t\t\t\t\t\t\t\t\t\t<a href=\"https:\/\/wine-paradise.si\/en\/glamping-hiske\/sladke-hiske\/\">\n\t\t\t\t\t\t\t<img fetchpriority=\"high\" decoding=\"async\" width=\"800\" height=\"1000\" src=\"https:\/\/wine-paradise.si\/wp-content\/uploads\/2026\/01\/ZIMSKIRAJ--819x1024.jpg\" class=\"attachment-large size-large wp-image-3782\" alt=\"\" srcset=\"https:\/\/wine-paradise.si\/wp-content\/uploads\/2026\/01\/ZIMSKIRAJ--819x1024.jpg 819w, https:\/\/wine-paradise.si\/wp-content\/uploads\/2026\/01\/ZIMSKIRAJ--240x300.jpg 240w, https:\/\/wine-paradise.si\/wp-content\/uploads\/2026\/01\/ZIMSKIRAJ--768x960.jpg 768w, https:\/\/wine-paradise.si\/wp-content\/uploads\/2026\/01\/ZIMSKIRAJ--1229x1536.jpg 1229w, https:\/\/wine-paradise.si\/wp-content\/uploads\/2026\/01\/ZIMSKIRAJ--1638x2048.jpg 1638w, https:\/\/wine-paradise.si\/wp-content\/uploads\/2026\/01\/ZIMSKIRAJ--10x12.jpg 10w, https:\/\/wine-paradise.si\/wp-content\/uploads\/2026\/01\/ZIMSKIRAJ--1320x1650.jpg 1320w, https:\/\/wine-paradise.si\/wp-content\/uploads\/2026\/01\/ZIMSKIRAJ--scaled.jpg 2048w\" sizes=\"(max-width: 800px) 100vw, 800px\" \/>\t\t\t\t\t\t\t\t<\/a>\n\t\t\t\t\t\t\t\t\t\t\t\t\t<\/div>\n\t\t\t\t<\/div>\n\t\t\t\t\t<\/div>\n\t\t<\/div>\n\t\t\t\t<div class=\"elementor-column elementor-col-50 elementor-top-column elementor-element elementor-element-7dd03c8\" data-id=\"7dd03c8\" data-element_type=\"column\">\n\t\t\t<div class=\"elementor-widget-wrap elementor-element-populated\">\n\t\t\t\t\t\t<div class=\"elementor-element elementor-element-04b1ce4 elementor-widget elementor-widget-heading\" data-id=\"04b1ce4\" data-element_type=\"widget\" data-widget_type=\"heading.default\">\n\t\t\t\t<div class=\"elementor-widget-container\">\n\t\t\t<h4 class=\"elementor-heading-title elementor-size-default\">WINTER OFFER<\/h4>\t\t<\/div>\n\t\t\t\t<\/div>\n\t\t\t\t<div class=\"elementor-element elementor-element-92ad578 elementor-widget elementor-widget-heading\" data-id=\"92ad578\" data-element_type=\"widget\" data-widget_type=\"heading.default\">\n\t\t\t\t<div class=\"elementor-widget-container\">\n\t\t\t<h6 class=\"elementor-heading-title elementor-size-default\">01.01. - 31.03.<\/h6>\t\t<\/div>\n\t\t\t\t<\/div>\n\t\t\t\t<div class=\"elementor-element elementor-element-2fe84ce elementor-widget elementor-widget-text-editor\" data-id=\"2fe84ce\" data-element_type=\"widget\" data-no-translation=\"\" data-widget_type=\"text-editor.default\">\n\t\t\t\t<div class=\"elementor-widget-container\">\n\t\t\t<style>.elementor-element-2fe84ce{display:none !important}<\/style>\t\t<\/div>\n\t\t\t\t<\/div>\n\t\t\t\t<div class=\"elementor-element elementor-element-f78d6e5 elementor-widget elementor-widget-text-editor\" data-id=\"f78d6e5\" data-element_type=\"widget\" data-no-translation=\"\" data-widget_type=\"text-editor.default\">\n\t\t\t\t<div class=\"elementor-widget-container\">\n\t\t\t\t\t\t\t<p>The offer includes:<\/p><p>\u2022 Tasting package at the Olive Oil Fountain and Wine Fountain<\/p><p>\u2022 Guided wine tasting at the Vilij Br\u017ean wine cellar<\/p><p>\u2022 Discount on dinner at Karjola Restaurant<\/p><p>\u2022 Bathrobe rental<\/p><p>\u2022 Rich breakfast for two<\/p><p>\u2022 A bottle of wine as a gift<\/p><p><b>350.00 \u20ac<\/b>\u00a0\/ two nights in a Standard Glamping House<\/p><p><b>380.00 \u20ac<\/b>\u00a0\/ two nights in a Superior Glamping House<\/p><p><b>410.00 \u20ac<\/b>\u00a0\/ two nights in a Deluxe Glamping House<\/p><p><b>760.00 \u20ac<\/b>\u00a0\/ two nights in Villa Refo\u0161k (for four people)<\/p>\t\t\t\t\t\t<\/div>\n\t\t\t\t<\/div>\n\t\t\t\t<div class=\"elementor-element elementor-element-af40a02 elementor-widget elementor-widget-html\" data-id=\"af40a02\" data-element_type=\"widget\" data-widget_type=\"html.default\">\n\t\t\t\t<div class=\"elementor-widget-container\">\n\t\t\t<div class=\"container\"> \n  <a href=\"#rezervacija\" class=\"button black rdece-hiske\">Reserve now<\/a>\n<\/div>\n\n\t\t<\/div>\n\t\t\t\t<\/div>\n\t\t\t\t\t<\/div>\n\t\t<\/div>\n\t\t\t\t\t<\/div>\n\t\t<\/section>\n\t\t\t\t<section class=\"elementor-section elementor-top-section elementor-element elementor-element-01ddd26 elementor-section-boxed elementor-section-height-default elementor-section-height-default\" data-id=\"01ddd26\" data-element_type=\"section\">\n\t\t\t\t\t\t<div class=\"elementor-container elementor-column-gap-default\">\n\t\t\t\t\t<div class=\"elementor-column elementor-col-50 elementor-top-column elementor-element elementor-element-b0f5f86\" data-id=\"b0f5f86\" data-element_type=\"column\">\n\t\t\t<div class=\"elementor-widget-wrap elementor-element-populated\">\n\t\t\t\t\t\t<div class=\"elementor-element elementor-element-f9001bf elementor-widget elementor-widget-heading\" data-id=\"f9001bf\" data-element_type=\"widget\" data-widget_type=\"heading.default\">\n\t\t\t\t<div class=\"elementor-widget-container\">\n\t\t\t<h4 class=\"elementor-heading-title elementor-size-default\">Valentine\u2019s Paradise<\/h4>\t\t<\/div>\n\t\t\t\t<\/div>\n\t\t\t\t<div class=\"elementor-element elementor-element-26f5b55 elementor-widget elementor-widget-heading\" data-id=\"26f5b55\" data-element_type=\"widget\" data-widget_type=\"heading.default\">\n\t\t\t\t<div class=\"elementor-widget-container\">\n\t\t\t<h6 class=\"elementor-heading-title elementor-size-default\">13.2. - 15.02.<\/h6>\t\t<\/div>\n\t\t\t\t<\/div>\n\t\t\t\t<div class=\"elementor-element elementor-element-8dc8fb8 elementor-widget elementor-widget-text-editor\" data-id=\"8dc8fb8\" data-element_type=\"widget\" data-no-translation=\"\" data-widget_type=\"text-editor.default\">\n\t\t\t\t<div class=\"elementor-widget-container\">\n\t\t\t<style>.elementor-element-8dc8fb8{display:none !important}<\/style>\t\t<\/div>\n\t\t\t\t<\/div>\n\t\t\t\t<div class=\"elementor-element elementor-element-6babb4a elementor-widget elementor-widget-text-editor\" data-id=\"6babb4a\" data-element_type=\"widget\" data-no-translation=\"\" data-widget_type=\"text-editor.default\">\n\t\t\t\t<div class=\"elementor-widget-container\">\n\t\t\t\t\t\t\t<p>The offer includes:<\/p><p>\u2022 Tasting package at the Olive Oil Fountain and Wine Fountain<\/p><p>\u2022 Guided wine tasting by the fireplace<\/p><p>\u2022 Romantic dinner for two at Karjola Restaurant \u2013 Valentine\u2019s menu<\/p><p>\u2022 Aromatherapy for the hot tub (Superior &amp; Deluxe Glamping)<\/p><p>\u2022 Aromatherapy for the sauna (Deluxe Glamping)<\/p><p>\u2022 Bathrobe rental<\/p><p>\u2022 Rich breakfast for two<\/p><p>\u2022 A bottle of wine as a gift<\/p><p><b>450.00 \u20ac<\/b>\u00a0\/ two nights in a Standard Glamping House<\/p><p><b>480.00 \u20ac<\/b>\u00a0\/ two nights in a Superior Glamping House<\/p><p><b>510.00 \u20ac<\/b>\u00a0\/ two nights in a Deluxe Glamping House<\/p>\t\t\t\t\t\t<\/div>\n\t\t\t\t<\/div>\n\t\t\t\t<div class=\"elementor-element elementor-element-af4b666 elementor-widget elementor-widget-html\" data-id=\"af4b666\" data-element_type=\"widget\" data-widget_type=\"html.default\">\n\t\t\t\t<div class=\"elementor-widget-container\">\n\t\t\t<div class=\"container\"> \n  <a href=\"#rezervacija\" class=\"button black rdece-hiske\">Reserve now<\/a>\n<\/div>\n\n\t\t<\/div>\n\t\t\t\t<\/div>\n\t\t\t\t\t<\/div>\n\t\t<\/div>\n\t\t\t\t<div class=\"elementor-column elementor-col-50 elementor-top-column elementor-element elementor-element-265e512\" data-id=\"265e512\" data-element_type=\"column\">\n\t\t\t<div class=\"elementor-widget-wrap elementor-element-populated\">\n\t\t\t\t\t\t<div class=\"elementor-element elementor-element-3133c0f elementor-widget elementor-widget-image\" data-id=\"3133c0f\" data-element_type=\"widget\" data-widget_type=\"image.default\">\n\t\t\t\t<div class=\"elementor-widget-container\">\n\t\t\t\t\t\t\t\t\t\t\t\t\t\t<a href=\"https:\/\/wine-paradise.si\/en\/glamping-hiske\/rdece-hiske\/\">\n\t\t\t\t\t\t\t<img decoding=\"async\" width=\"800\" height=\"1000\" src=\"https:\/\/wine-paradise.si\/wp-content\/uploads\/2026\/01\/RAJSKO-VALENTINOVO-819x1024.jpg\" class=\"attachment-large size-large wp-image-3783\" alt=\"\" srcset=\"https:\/\/wine-paradise.si\/wp-content\/uploads\/2026\/01\/RAJSKO-VALENTINOVO-819x1024.jpg 819w, https:\/\/wine-paradise.si\/wp-content\/uploads\/2026\/01\/RAJSKO-VALENTINOVO-240x300.jpg 240w, https:\/\/wine-paradise.si\/wp-content\/uploads\/2026\/01\/RAJSKO-VALENTINOVO-768x960.jpg 768w, https:\/\/wine-paradise.si\/wp-content\/uploads\/2026\/01\/RAJSKO-VALENTINOVO-1229x1536.jpg 1229w, https:\/\/wine-paradise.si\/wp-content\/uploads\/2026\/01\/RAJSKO-VALENTINOVO-1638x2048.jpg 1638w, https:\/\/wine-paradise.si\/wp-content\/uploads\/2026\/01\/RAJSKO-VALENTINOVO-10x12.jpg 10w, https:\/\/wine-paradise.si\/wp-content\/uploads\/2026\/01\/RAJSKO-VALENTINOVO-1320x1650.jpg 1320w, https:\/\/wine-paradise.si\/wp-content\/uploads\/2026\/01\/RAJSKO-VALENTINOVO-scaled.jpg 2048w\" sizes=\"(max-width: 800px) 100vw, 800px\" \/>\t\t\t\t\t\t\t\t<\/a>\n\t\t\t\t\t\t\t\t\t\t\t\t\t<\/div>\n\t\t\t\t<\/div>\n\t\t\t\t\t<\/div>\n\t\t<\/div>\n\t\t\t\t\t<\/div>\n\t\t<\/section>\n\t\t\t\t<section class=\"elementor-section elementor-top-section elementor-element elementor-element-3334713 elementor-section-boxed elementor-section-height-default elementor-section-height-default\" data-id=\"3334713\" data-element_type=\"section\">\n\t\t\t\t\t\t<div class=\"elementor-container elementor-column-gap-default\">\n\t\t\t\t\t<div class=\"elementor-column elementor-col-50 elementor-top-column elementor-element elementor-element-37b65de\" data-id=\"37b65de\" data-element_type=\"column\">\n\t\t\t<div class=\"elementor-widget-wrap elementor-element-populated\">\n\t\t\t\t\t\t<div class=\"elementor-element elementor-element-62bedcc elementor-widget elementor-widget-image\" data-id=\"62bedcc\" data-element_type=\"widget\" data-widget_type=\"image.default\">\n\t\t\t\t<div class=\"elementor-widget-container\">\n\t\t\t\t\t\t\t\t\t\t\t\t\t\t<a href=\"https:\/\/wine-paradise.si\/en\/glamping-hiske\/sladke-hiske\/\">\n\t\t\t\t\t\t\t<img decoding=\"async\" width=\"800\" height=\"1000\" src=\"https:\/\/wine-paradise.si\/wp-content\/uploads\/2026\/01\/RAJ-ZA-ZENE-819x1024.jpg\" class=\"attachment-large size-large wp-image-3784\" alt=\"\" srcset=\"https:\/\/wine-paradise.si\/wp-content\/uploads\/2026\/01\/RAJ-ZA-ZENE-819x1024.jpg 819w, https:\/\/wine-paradise.si\/wp-content\/uploads\/2026\/01\/RAJ-ZA-ZENE-240x300.jpg 240w, https:\/\/wine-paradise.si\/wp-content\/uploads\/2026\/01\/RAJ-ZA-ZENE-768x960.jpg 768w, https:\/\/wine-paradise.si\/wp-content\/uploads\/2026\/01\/RAJ-ZA-ZENE-1229x1536.jpg 1229w, https:\/\/wine-paradise.si\/wp-content\/uploads\/2026\/01\/RAJ-ZA-ZENE-1638x2048.jpg 1638w, https:\/\/wine-paradise.si\/wp-content\/uploads\/2026\/01\/RAJ-ZA-ZENE-10x12.jpg 10w, https:\/\/wine-paradise.si\/wp-content\/uploads\/2026\/01\/RAJ-ZA-ZENE-1320x1650.jpg 1320w, https:\/\/wine-paradise.si\/wp-content\/uploads\/2026\/01\/RAJ-ZA-ZENE-scaled.jpg 2048w\" sizes=\"(max-width: 800px) 100vw, 800px\" \/>\t\t\t\t\t\t\t\t<\/a>\n\t\t\t\t\t\t\t\t\t\t\t\t\t<\/div>\n\t\t\t\t<\/div>\n\t\t\t\t\t<\/div>\n\t\t<\/div>\n\t\t\t\t<div class=\"elementor-column elementor-col-50 elementor-top-column elementor-element elementor-element-151d11d\" data-id=\"151d11d\" data-element_type=\"column\">\n\t\t\t<div class=\"elementor-widget-wrap elementor-element-populated\">\n\t\t\t\t\t\t<div class=\"elementor-element elementor-element-fb2f00c elementor-widget elementor-widget-heading\" data-id=\"fb2f00c\" data-element_type=\"widget\" data-widget_type=\"heading.default\">\n\t\t\t\t<div class=\"elementor-widget-container\">\n\t\t\t<h4 class=\"elementor-heading-title elementor-size-default\">Women\u2019s Day Paradise<\/h4>\t\t<\/div>\n\t\t\t\t<\/div>\n\t\t\t\t<div class=\"elementor-element elementor-element-37f9fb6 elementor-widget elementor-widget-heading\" data-id=\"37f9fb6\" data-element_type=\"widget\" data-widget_type=\"heading.default\">\n\t\t\t\t<div class=\"elementor-widget-container\">\n\t\t\t<h6 class=\"elementor-heading-title elementor-size-default\">06.03 - 08.03.<\/h6>\t\t<\/div>\n\t\t\t\t<\/div>\n\t\t\t\t<div class=\"elementor-element elementor-element-7d409a1 elementor-widget elementor-widget-text-editor\" data-id=\"7d409a1\" data-element_type=\"widget\" data-no-translation=\"\" data-widget_type=\"text-editor.default\">\n\t\t\t\t<div class=\"elementor-widget-container\">\n\t\t\t<style>.elementor-element-7d409a1{display:none !important}<\/style>\t\t<\/div>\n\t\t\t\t<\/div>\n\t\t\t\t<div class=\"elementor-element elementor-element-04f69f4 elementor-widget elementor-widget-text-editor\" data-id=\"04f69f4\" data-element_type=\"widget\" data-no-translation=\"\" data-widget_type=\"text-editor.default\">\n\t\t\t\t<div class=\"elementor-widget-container\">\n\t\t\t\t\t\t\t<p>The offer includes:<\/p><p>\u2022 Tasting package at the Olive Oil Fountain and Wine Fountain<\/p><p>\u2022 Guided wine tasting at the Vilij Br\u017ean wine cellar<\/p><p>\u2022 Dinner for two at Karjola Restaurant \u2013 Women\u2019s Day menu<\/p><p>(or dinner for four in the case of a stay in Villa Refo\u0161k)<\/p><p>\u2022 Aromatherapy for the hot tub (Superior Glamping, Deluxe Glamping &amp; Villa Refo\u0161k)<\/p><p>\u2022 Aromatherapy for the sauna (Deluxe Glamping &amp; Villa Refo\u0161k)<\/p><p>\u2022 Bathrobe rental<\/p><p>\u2022 Rich breakfast for two<\/p><p>\u2022 A bottle of wine as a gift<\/p><p><b>450.00 \u20ac<\/b>\u00a0\/ two nights in a Standard Glamping House<\/p><p><b>480.00 \u20ac<\/b>\u00a0\/ two nights in a Superior Glamping House<\/p><p><b>510.00 \u20ac<\/b>\u00a0\/ two nights in a Deluxe Glamping House<\/p><p><b>970.00 \u20ac<\/b>\u00a0\/ two nights in Villa Refo\u0161k<\/p>\t\t\t\t\t\t<\/div>\n\t\t\t\t<\/div>\n\t\t\t\t<div class=\"elementor-element elementor-element-be01487 elementor-widget elementor-widget-html\" data-id=\"be01487\" data-element_type=\"widget\" data-widget_type=\"html.default\">\n\t\t\t\t<div class=\"elementor-widget-container\">\n\t\t\t<div class=\"container\"> \n  <a href=\"#rezervacija\" class=\"button black rdece-hiske\">Reserve now<\/a>\n<\/div>\n\n\t\t<\/div>\n\t\t\t\t<\/div>\n\t\t\t\t\t<\/div>\n\t\t<\/div>\n\t\t\t\t\t<\/div>\n\t\t<\/section>\n\t\t\t\t<section class=\"elementor-section elementor-top-section elementor-element elementor-element-a50caee elementor-section-boxed elementor-section-height-default elementor-section-height-default\" data-id=\"a50caee\" data-element_type=\"section\">\n\t\t\t\t\t\t<div class=\"elementor-container elementor-column-gap-default\">\n\t\t\t\t\t<div class=\"elementor-column elementor-col-50 elementor-top-column elementor-element elementor-element-1404f89\" data-id=\"1404f89\" data-element_type=\"column\">\n\t\t\t<div class=\"elementor-widget-wrap elementor-element-populated\">\n\t\t\t\t\t\t<div class=\"elementor-element elementor-element-af82615 elementor-widget elementor-widget-heading\" data-id=\"af82615\" data-element_type=\"widget\" data-widget_type=\"heading.default\">\n\t\t\t\t<div class=\"elementor-widget-container\">\n\t\t\t<h4 class=\"elementor-heading-title elementor-size-default\">Pampering for Four<\/h4>\t\t<\/div>\n\t\t\t\t<\/div>\n\t\t\t\t<div class=\"elementor-element elementor-element-330cb11 elementor-widget elementor-widget-heading\" data-id=\"330cb11\" data-element_type=\"widget\" data-widget_type=\"heading.default\">\n\t\t\t\t<div class=\"elementor-widget-container\">\n\t\t\t<h6 class=\"elementor-heading-title elementor-size-default\">01.01. - 31.03.<\/h6>\t\t<\/div>\n\t\t\t\t<\/div>\n\t\t\t\t<div class=\"elementor-element elementor-element-1dc7170 elementor-widget elementor-widget-text-editor\" data-id=\"1dc7170\" data-element_type=\"widget\" data-no-translation=\"\" data-widget_type=\"text-editor.default\">\n\t\t\t\t<div class=\"elementor-widget-container\">\n\t\t\t<style>.elementor-element-1dc7170{display:none !important}<\/style>\t\t<\/div>\n\t\t\t\t<\/div>\n\t\t\t\t<div class=\"elementor-element elementor-element-1ab9343 elementor-widget elementor-widget-text-editor\" data-id=\"1ab9343\" data-element_type=\"widget\" data-widget_type=\"text-editor.default\">\n\t\t\t\t<div class=\"elementor-widget-container\">\n\t\t\t\t\t\t\t<p>The offer includes:<\/p><p>\u2022 Tasting package at the Olive Oil Fountain and Wine Fountain<\/p><p>\u2022 Guided wine tasting at the Vilij Br\u017ean wine cellar<\/p><p>\u2022 Discount on dinner at Karjola Restaurant<\/p><p>\u2022 Aromatherapy for the hot tub<\/p><p>\u2022 Aromatherapy for the sauna<\/p><p>\u2022 Bathrobe rental<\/p><p>\u2022 Rich breakfast for four<\/p><p>\u2022 A bottle of wine as a gift<\/p><p><b>820.00 \u20ac<\/b>\u00a0\/ two nights in Villa Refo\u0161k (Sunday \u2013 Friday)<\/p><p><b>910.00 \u20ac<\/b>\u00a0\/ two nights in Villa Refo\u0161k (Friday \u2013 Sunday)<\/p>\t\t\t\t\t\t<\/div>\n\t\t\t\t<\/div>\n\t\t\t\t<div class=\"elementor-element elementor-element-dbcc73e elementor-widget elementor-widget-html\" data-id=\"dbcc73e\" data-element_type=\"widget\" data-widget_type=\"html.default\">\n\t\t\t\t<div class=\"elementor-widget-container\">\n\t\t\t<div class=\"container\"> \n  <a href=\"#rezervacija\" class=\"button black rdece-hiske\">Reserve now<\/a>\n<\/div>\n\n\t\t<\/div>\n\t\t\t\t<\/div>\n\t\t\t\t\t<\/div>\n\t\t<\/div>\n\t\t\t\t<div class=\"elementor-column elementor-col-50 elementor-top-column elementor-element elementor-element-202f6e9\" data-id=\"202f6e9\" data-element_type=\"column\">\n\t\t\t<div class=\"elementor-widget-wrap elementor-element-populated\">\n\t\t\t\t\t\t<div class=\"elementor-element elementor-element-12f5b2b elementor-widget elementor-widget-image\" data-id=\"12f5b2b\" data-element_type=\"widget\" data-widget_type=\"image.default\">\n\t\t\t\t<div class=\"elementor-widget-container\">\n\t\t\t\t\t\t\t\t\t\t\t\t\t\t<a href=\"https:\/\/wine-paradise.si\/en\/glamping-hiske\/sladke-hiske\/\">\n\t\t\t\t\t\t\t<img loading=\"lazy\" decoding=\"async\" width=\"800\" height=\"1000\" src=\"https:\/\/wine-paradise.si\/wp-content\/uploads\/2026\/01\/RAZVAJANJE-ZA-4-819x1024.jpg\" class=\"attachment-large size-large wp-image-3785\" alt=\"\" srcset=\"https:\/\/wine-paradise.si\/wp-content\/uploads\/2026\/01\/RAZVAJANJE-ZA-4-819x1024.jpg 819w, https:\/\/wine-paradise.si\/wp-content\/uploads\/2026\/01\/RAZVAJANJE-ZA-4-240x300.jpg 240w, https:\/\/wine-paradise.si\/wp-content\/uploads\/2026\/01\/RAZVAJANJE-ZA-4-768x960.jpg 768w, https:\/\/wine-paradise.si\/wp-content\/uploads\/2026\/01\/RAZVAJANJE-ZA-4-1229x1536.jpg 1229w, https:\/\/wine-paradise.si\/wp-content\/uploads\/2026\/01\/RAZVAJANJE-ZA-4-1638x2048.jpg 1638w, https:\/\/wine-paradise.si\/wp-content\/uploads\/2026\/01\/RAZVAJANJE-ZA-4-10x12.jpg 10w, https:\/\/wine-paradise.si\/wp-content\/uploads\/2026\/01\/RAZVAJANJE-ZA-4-1320x1650.jpg 1320w, https:\/\/wine-paradise.si\/wp-content\/uploads\/2026\/01\/RAZVAJANJE-ZA-4-scaled.jpg 2048w\" sizes=\"(max-width: 800px) 100vw, 800px\" \/>\t\t\t\t\t\t\t\t<\/a>\n\t\t\t\t\t\t\t\t\t\t\t\t\t<\/div>\n\t\t\t\t<\/div>\n\t\t\t\t\t<\/div>\n\t\t<\/div>\n\t\t\t\t\t<\/div>\n\t\t<\/section>\n\t\t\t\t<\/div>","protected":false},"excerpt":{"rendered":"<p>POSEBNE PONUDBE &#8220;Za posebne ljudi in posebne izku\u0161nje&#8221; Zimski raj 01.01. &#8211; 31.03. Zima v Wine Paradise ima poseben \u010dar \u2013 ti\u0161ina, razgledi in toplina wellnessa med istrskimi vinogradi. Privo\u0161\u010dite si oddih, kjer se razvajanje za\u010dne \u017ee zjutraj ob bogatem zajtrku, nadaljuje z degustacijami v Marezigah, zaklju\u010di pa s kozar\u010dkom vina in popolnim mirom. Paket [&hellip;]<\/p>","protected":false},"author":1,"featured_media":0,"parent":0,"menu_order":0,"comment_status":"closed","ping_status":"closed","template":"","meta":{"inline_featured_image":false,"footnotes":""},"class_list":["post-3780","page","type-page","status-publish","hentry"],"aioseo_notices":[],"_links":{"self":[{"href":"https:\/\/wine-paradise.si\/en\/wp-json\/wp\/v2\/pages\/3780","targetHints":{"allow":["GET"]}}],"collection":[{"href":"https:\/\/wine-paradise.si\/en\/wp-json\/wp\/v2\/pages"}],"about":[{"href":"https:\/\/wine-paradise.si\/en\/wp-json\/wp\/v2\/types\/page"}],"author":[{"embeddable":true,"href":"https:\/\/wine-paradise.si\/en\/wp-json\/wp\/v2\/users\/1"}],"replies":[{"embeddable":true,"href":"https:\/\/wine-paradise.si\/en\/wp-json\/wp\/v2\/comments?post=3780"}],"version-history":[{"count":28,"href":"https:\/\/wine-paradise.si\/en\/wp-json\/wp\/v2\/pages\/3780\/revisions"}],"predecessor-version":[{"id":3816,"href":"https:\/\/wine-paradise.si\/en\/wp-json\/wp\/v2\/pages\/3780\/revisions\/3816"}],"wp:attachment":[{"href":"https:\/\/wine-paradise.si\/en\/wp-json\/wp\/v2\/media?parent=3780"}],"curies":[{"name":"wp","href":"https:\/\/api.w.org\/{rel}","templated":true}]}}